{"id":59,"date":"2018-12-20T00:12:19","date_gmt":"2018-12-20T00:12:19","guid":{"rendered":"http:\/\/michelleditrich.com\/?page_id=59"},"modified":"2019-01-26T21:26:18","modified_gmt":"2019-01-26T21:26:18","slug":"statement-dr-alex-vogel","status":"publish","type":"page","link":"https:\/\/michelleditrich.com\/en\/statement-dr-alex-vogel\/","title":{"rendered":"Statement Dr.Alex Vogel"},"content":{"rendered":"<div data-elementor-type=\"wp-post\" data-elementor-id=\"59\" class=\"elementor elementor-59 elementor-bc-flex-widget\" data-elementor-settings=\"[]\">\n\t\t\t\t\t\t<div class=\"elementor-inner\">\n\t\t\t\t\t\t\t<div class=\"elementor-section-wrap\">\n\t\t\t\t\t\t\t<section class=\"elementor-section elementor-top-section elementor-element elementor-element-4d3acf13 elementor-section-height-min-height elementor-section-content-middle elementor-section-boxed elementor-section-height-default elementor-section-items-middle\" data-id=\"4d3acf13\" data-element_type=\"section\" data-settings=\"{&quot;background_background&quot;:&quot;classic&quot;}\">\n\t\t\t\t\t\t<div class=\"elementor-container elementor-column-gap-no\">\n\t\t\t\t\t\t\t<div class=\"elementor-row\">\n\t\t\t\t\t<div class=\"aux-parallax-section elementor-column elementor-col-50 elementor-top-column elementor-element elementor-element-8af2165\" data-id=\"8af2165\" data-element_type=\"column\">\n\t\t\t<div class=\"elementor-column-wrap elementor-element-populated\">\n\t\t\t\t\t\t\t<div class=\"elementor-widget-wrap\">\n\t\t\t\t\t\t<div class=\"elementor-element elementor-element-30830cd7 elementor-icon-list--layout-inline elementor-mobile-align-center elementor-hidden-phone elementor-list-item-link-full_width elementor-widget elementor-widget-icon-list\" data-id=\"30830cd7\" data-element_type=\"widget\" data-widget_type=\"icon-list.default\">\n\t\t\t\t<div class=\"elementor-widget-container\">\n\t\t\t\t\t<ul class=\"elementor-icon-list-items elementor-inline-items\">\n\t\t\t\t\t\t\t<li class=\"elementor-icon-list-item elementor-inline-item\">\n\t\t\t\t\t\t\t\t\t\t\t<span class=\"elementor-icon-list-icon\">\n\t\t\t\t\t\t\t\t\t\t\t\t\t\t\t\t<i class=\"fa fa-envelope-o\" aria-hidden=\"true\"><\/i>\n\t\t\t\t\t\t\t\t\t\t\t\t\t<\/span>\n\t\t\t\t\t\t\t\t\t\t<span class=\"elementor-icon-list-text\">atelier@michelleditrich.com<\/span>\n\t\t\t\t\t\t\t\t\t<\/li>\n\t\t\t\t\t\t<\/ul>\n\t\t\t\t<\/div>\n\t\t\t\t<\/div>\n\t\t\t\t\t\t<\/div>\n\t\t\t\t\t<\/div>\n\t\t<\/div>\n\t\t\t\t<div class=\"aux-parallax-section elementor-column elementor-col-50 elementor-top-column elementor-element elementor-element-68bff37f\" data-id=\"68bff37f\" data-element_type=\"column\">\n\t\t\t<div class=\"elementor-column-wrap elementor-element-populated\">\n\t\t\t\t\t\t\t<div class=\"elementor-widget-wrap\">\n\t\t\t\t\t\t<div class=\"elementor-element elementor-element-6809b84a e-grid-align-right elementor-shape-square e-grid-align-mobile-center elementor-grid-0 elementor-widget elementor-widget-social-icons\" data-id=\"6809b84a\" data-element_type=\"widget\" data-widget_type=\"social-icons.default\">\n\t\t\t\t<div class=\"elementor-widget-container\">\n\t\t\t\t\t<div class=\"elementor-social-icons-wrapper elementor-grid\">\n\t\t\t\t\t\t\t<span class=\"elementor-grid-item\">\n\t\t\t\t\t<a class=\"elementor-icon elementor-social-icon elementor-social-icon-facebook elementor-repeater-item-5646027\" href=\"https:\/\/www.facebook.com\/Michelle-Ditrich-465199183610784\/\" target=\"_blank\">\n\t\t\t\t\t\t<span class=\"elementor-screen-only\">Facebook<\/span>\n\t\t\t\t\t\t\t\t\t\t\t\t\t<i class=\"fa fa-facebook\"><\/i>\n\t\t\t\t\t\t\t\t\t\t\t<\/a>\n\t\t\t\t<\/span>\n\t\t\t\t\t\t\t<span class=\"elementor-grid-item\">\n\t\t\t\t\t<a class=\"elementor-icon elementor-social-icon elementor-social-icon-facebook elementor-repeater-item-72bc942\" href=\"https:\/\/www.facebook.com\/michelle.ditrich\" target=\"_blank\">\n\t\t\t\t\t\t<span class=\"elementor-screen-only\">Facebook<\/span>\n\t\t\t\t\t\t\t\t\t\t\t\t\t<i class=\"fa fa-facebook\"><\/i>\n\t\t\t\t\t\t\t\t\t\t\t<\/a>\n\t\t\t\t<\/span>\n\t\t\t\t\t\t\t<span class=\"elementor-grid-item\">\n\t\t\t\t\t<a class=\"elementor-icon elementor-social-icon elementor-social-icon-youtube elementor-repeater-item-4b27cd1\" href=\"https:\/\/www.youtube.com\/watch?v=61821ZRAJ9A\" target=\"_blank\">\n\t\t\t\t\t\t<span class=\"elementor-screen-only\">Youtube<\/span>\n\t\t\t\t\t\t\t\t\t\t\t\t\t<i class=\"fa fa-youtube\"><\/i>\n\t\t\t\t\t\t\t\t\t\t\t<\/a>\n\t\t\t\t<\/span>\n\t\t\t\t\t<\/div>\n\t\t\t\t<\/div>\n\t\t\t\t<\/div>\n\t\t\t\t\t\t<\/div>\n\t\t\t\t\t<\/div>\n\t\t<\/div>\n\t\t\t\t\t\t\t\t<\/div>\n\t\t\t\t\t<\/div>\n\t\t<\/section>\n\t\t\t\t<section class=\"elementor-section elementor-top-section elementor-element elementor-element-665da8ae elementor-section-content-middle elementor-section-boxed elementor-section-height-default elementor-section-height-default\" data-id=\"665da8ae\" data-element_type=\"section\" data-settings=\"{&quot;background_background&quot;:&quot;classic&quot;,&quot;sticky&quot;:&quot;top&quot;,&quot;sticky_on&quot;:[&quot;desktop&quot;,&quot;tablet&quot;,&quot;mobile&quot;],&quot;sticky_offset&quot;:0,&quot;sticky_effects_offset&quot;:0}\">\n\t\t\t\t\t\t<div class=\"elementor-container elementor-column-gap-no\">\n\t\t\t\t\t\t\t<div class=\"elementor-row\">\n\t\t\t\t\t<div class=\"aux-parallax-section elementor-column elementor-col-50 elementor-top-column elementor-element elementor-element-b725492\" data-id=\"b725492\" data-element_type=\"column\">\n\t\t\t<div class=\"elementor-column-wrap elementor-element-populated\">\n\t\t\t\t\t\t\t<div class=\"elementor-widget-wrap\">\n\t\t\t\t\t\t<div class=\"elementor-element elementor-element-c375b73 elementor-widget elementor-widget-image\" data-id=\"c375b73\" data-element_type=\"widget\" data-widget_type=\"image.default\">\n\t\t\t\t<div class=\"elementor-widget-container\">\n\t\t\t\t\t\t\t\t<div class=\"elementor-image\">\n\t\t\t\t\t\t\t\t\t\t\t\t\t<a href=\"https:\/\/michelleditrich.com\/en\/\">\n\t\t\t\t\t\t\t<img decoding=\"async\" width=\"1890\" height=\"980\" src=\"https:\/\/michelleditrich.com\/wp-content\/uploads\/2018\/12\/Handfl\u00e4che_Michelle_Ditrich.png\" class=\"attachment-full size-full\" alt=\"\" loading=\"lazy\" srcset=\"https:\/\/michelleditrich.com\/wp-content\/uploads\/2018\/12\/Handfl\u00e4che_Michelle_Ditrich.png 1890w, https:\/\/michelleditrich.com\/wp-content\/uploads\/2018\/12\/Handfl\u00e4che_Michelle_Ditrich-300x156.png 300w, https:\/\/michelleditrich.com\/wp-content\/uploads\/2018\/12\/Handfl\u00e4che_Michelle_Ditrich-768x398.png 768w, https:\/\/michelleditrich.com\/wp-content\/uploads\/2018\/12\/Handfl\u00e4che_Michelle_Ditrich-1024x531.png 1024w\" sizes=\"(max-width: 1890px) 100vw, 1890px\" \/>\t\t\t\t\t\t\t\t<\/a>\n\t\t\t\t\t\t\t\t\t\t\t\t\t\t<\/div>\n\t\t\t\t\t\t<\/div>\n\t\t\t\t<\/div>\n\t\t\t\t\t\t<\/div>\n\t\t\t\t\t<\/div>\n\t\t<\/div>\n\t\t\t\t<div class=\"aux-parallax-section elementor-column elementor-col-50 elementor-top-column elementor-element elementor-element-5e55b953\" data-id=\"5e55b953\" data-element_type=\"column\">\n\t\t\t<div class=\"elementor-column-wrap elementor-element-populated\">\n\t\t\t\t\t\t\t<div class=\"elementor-widget-wrap\">\n\t\t\t\t\t\t<div class=\"elementor-element elementor-element-598d4010 elementor-nav-menu__align-right elementor-nav-menu--stretch elementor-nav-menu--dropdown-tablet elementor-nav-menu__text-align-aside elementor-nav-menu--toggle elementor-nav-menu--burger elementor-widget elementor-widget-nav-menu\" data-id=\"598d4010\" data-element_type=\"widget\" data-settings=\"{&quot;full_width&quot;:&quot;stretch&quot;,&quot;layout&quot;:&quot;horizontal&quot;,&quot;submenu_icon&quot;:{&quot;value&quot;:&quot;&lt;i class=\\&quot;fas fa-caret-down\\&quot;&gt;&lt;\\\/i&gt;&quot;,&quot;library&quot;:&quot;fa-solid&quot;},&quot;toggle&quot;:&quot;burger&quot;}\" data-widget_type=\"nav-menu.default\">\n\t\t\t\t<div class=\"elementor-widget-container\">\n\t\t\t\t\t\t<nav migration_allowed=\"1\" migrated=\"0\" role=\"navigation\" class=\"elementor-nav-menu--main elementor-nav-menu__container elementor-nav-menu--layout-horizontal e--pointer-underline e--animation-fade\"><!-- start master menu -->\n<ul id=\"menu-1-598d4010\" class=\"elementor-nav-menu\"><li class=\"menu-item menu-item-type-custom menu-item-object-custom menu-item-495\"><a href=\"https:\/\/michelleditrich.com\/en\/\" class=\"elementor-item elementor-item-anchor\">Biography<\/a><\/li>\n<li class=\"menu-item menu-item-type-custom menu-item-object-custom menu-item-496\"><a href=\"https:\/\/michelleditrich.com\/en\/\" class=\"elementor-item elementor-item-anchor\">Statement<\/a><\/li>\n<li class=\"menu-item menu-item-type-custom menu-item-object-custom menu-item-497\"><a href=\"http:\/\/michellleditrich.com\/#auszeichnungen\" class=\"elementor-item elementor-item-anchor\">Awards<\/a><\/li>\n<li class=\"menu-item menu-item-type-custom menu-item-object-custom menu-item-498\"><a href=\"https:\/\/michelleditrich.com\/en\/\" class=\"elementor-item elementor-item-anchor\">Works of art<\/a><\/li>\n<li class=\"menu-item menu-item-type-custom menu-item-object-custom menu-item-499\"><a href=\"https:\/\/michelleditrich.com\/en\/\" class=\"elementor-item elementor-item-anchor\">Bibliography<\/a><\/li>\n<li class=\"menu-item menu-item-type-custom menu-item-object-custom menu-item-500\"><a href=\"https:\/\/michelleditrich.com\/en\/\" class=\"elementor-item elementor-item-anchor\">Press<\/a><\/li>\n<li class=\"menu-item menu-item-type-custom menu-item-object-custom menu-item-501\"><a href=\"https:\/\/michelleditrich.com\/en\/\" class=\"elementor-item elementor-item-anchor\">Contact<\/a><\/li>\n<\/ul>\n<!-- end master menu -->\n<\/nav>\n\t\t\t\t\t<div class=\"elementor-menu-toggle\" role=\"button\" tabindex=\"0\" aria-label=\"Menu Toggle\" aria-expanded=\"false\">\n\t\t\t<i aria-hidden=\"true\" role=\"presentation\" class=\"eicon-menu-bar\"><\/i>\t\t\t<span class=\"elementor-screen-only\">Menu<\/span>\n\t\t<\/div>\n\t\t\t<nav class=\"elementor-nav-menu--dropdown elementor-nav-menu__container\" role=\"navigation\" aria-hidden=\"true\"><!-- start master menu -->\n<ul id=\"menu-2-598d4010\" class=\"elementor-nav-menu\"><li class=\"menu-item menu-item-type-custom menu-item-object-custom menu-item-495\"><a href=\"https:\/\/michelleditrich.com\/en\/\" class=\"elementor-item elementor-item-anchor\" tabindex=\"-1\">Biography<\/a><\/li>\n<li class=\"menu-item menu-item-type-custom menu-item-object-custom menu-item-496\"><a href=\"https:\/\/michelleditrich.com\/en\/\" class=\"elementor-item elementor-item-anchor\" tabindex=\"-1\">Statement<\/a><\/li>\n<li class=\"menu-item menu-item-type-custom menu-item-object-custom menu-item-497\"><a href=\"http:\/\/michellleditrich.com\/#auszeichnungen\" class=\"elementor-item elementor-item-anchor\" tabindex=\"-1\">Awards<\/a><\/li>\n<li class=\"menu-item menu-item-type-custom menu-item-object-custom menu-item-498\"><a href=\"https:\/\/michelleditrich.com\/en\/\" class=\"elementor-item elementor-item-anchor\" tabindex=\"-1\">Works of art<\/a><\/li>\n<li class=\"menu-item menu-item-type-custom menu-item-object-custom menu-item-499\"><a href=\"https:\/\/michelleditrich.com\/en\/\" class=\"elementor-item elementor-item-anchor\" tabindex=\"-1\">Bibliography<\/a><\/li>\n<li class=\"menu-item menu-item-type-custom menu-item-object-custom menu-item-500\"><a href=\"https:\/\/michelleditrich.com\/en\/\" class=\"elementor-item elementor-item-anchor\" tabindex=\"-1\">Press<\/a><\/li>\n<li class=\"menu-item menu-item-type-custom menu-item-object-custom menu-item-501\"><a href=\"https:\/\/michelleditrich.com\/en\/\" class=\"elementor-item elementor-item-anchor\" tabindex=\"-1\">Contact<\/a><\/li>\n<\/ul>\n<!-- end master menu -->\n<\/nav>\n\t\t\t\t<\/div>\n\t\t\t\t<\/div>\n\t\t\t\t\t\t<\/div>\n\t\t\t\t\t<\/div>\n\t\t<\/div>\n\t\t\t\t\t\t\t\t<\/div>\n\t\t\t\t\t<\/div>\n\t\t<\/section>\n\t\t\t\t<section class=\"elementor-section elementor-top-section elementor-element elementor-element-61e9199e elementor-section-content-middle elementor-section-boxed elementor-section-height-default elementor-section-height-default\" data-id=\"61e9199e\" data-element_type=\"section\" data-settings=\"{&quot;background_background&quot;:&quot;classic&quot;}\">\n\t\t\t\t\t\t<div class=\"elementor-container elementor-column-gap-no\">\n\t\t\t\t\t\t\t<div class=\"elementor-row\">\n\t\t\t\t\t<div class=\"aux-parallax-section elementor-column elementor-col-50 elementor-top-column elementor-element elementor-element-52852be8\" data-id=\"52852be8\" data-element_type=\"column\">\n\t\t\t<div class=\"elementor-column-wrap elementor-element-populated\">\n\t\t\t\t\t\t\t<div class=\"elementor-widget-wrap\">\n\t\t\t\t\t\t<div class=\"elementor-element elementor-element-2383c4cf elementor-widget elementor-widget-image\" data-id=\"2383c4cf\" data-element_type=\"widget\" data-widget_type=\"image.default\">\n\t\t\t\t<div class=\"elementor-widget-container\">\n\t\t\t\t\t\t\t\t<div class=\"elementor-image\">\n\t\t\t\t\t\t\t\t\t\t\t\t<img decoding=\"async\" width=\"480\" height=\"640\" src=\"https:\/\/michelleditrich.com\/wp-content\/uploads\/2018\/12\/Alexx-Vogel.jpeg\" class=\"attachment-full size-full\" alt=\"\" loading=\"lazy\" srcset=\"https:\/\/michelleditrich.com\/wp-content\/uploads\/2018\/12\/Alexx-Vogel.jpeg 480w, https:\/\/michelleditrich.com\/wp-content\/uploads\/2018\/12\/Alexx-Vogel-225x300.jpeg 225w\" sizes=\"(max-width: 480px) 100vw, 480px\" \/>\t\t\t\t\t\t\t\t\t\t\t\t\t\t<\/div>\n\t\t\t\t\t\t<\/div>\n\t\t\t\t<\/div>\n\t\t\t\t\t\t<\/div>\n\t\t\t\t\t<\/div>\n\t\t<\/div>\n\t\t\t\t<div class=\"aux-parallax-section elementor-column elementor-col-50 elementor-top-column elementor-element elementor-element-2a952\" data-id=\"2a952\" data-element_type=\"column\">\n\t\t\t<div class=\"elementor-column-wrap elementor-element-populated\">\n\t\t\t\t\t\t\t<div class=\"elementor-widget-wrap\">\n\t\t\t\t\t\t<div class=\"elementor-element elementor-element-72920453 elementor-view-default elementor-widget elementor-widget-icon\" data-id=\"72920453\" data-element_type=\"widget\" data-widget_type=\"icon.default\">\n\t\t\t\t<div class=\"elementor-widget-container\">\n\t\t\t\t\t<div class=\"elementor-icon-wrapper\">\n\t\t\t<div class=\"elementor-icon\">\n\t\t\t\t\t\t\t<i class=\"fa fa-quote-left\" aria-hidden=\"true\"><\/i>\n\t\t\t\t\t\t<\/div>\n\t\t<\/div>\n\t\t\t\t<\/div>\n\t\t\t\t<\/div>\n\t\t\t\t<div class=\"elementor-element elementor-element-1d5f32fd elementor-widget elementor-widget-text-editor\" data-id=\"1d5f32fd\" data-element_type=\"widget\" data-widget_type=\"text-editor.default\">\n\t\t\t\t<div class=\"elementor-widget-container\">\n\t\t\t\t\t\t\t\t<div class=\"elementor-text-editor elementor-clearfix\">\n\t\t\t\t<p>&#8222;Michelle Ditrich ist nicht nur eine beeindruckende Frau, sondern auch eine au\u00dfergew\u00f6hnliche K\u00fcnstlerin, die \u00fcber Jahre hinweg ihren ganz besonderen Ausdrucksstil gefunden und weiterentwickelt hat.\u00a0<\/p><p>Her actually very original art form of painting with bare hands and sometimes full use of the body has grown into an impressive and recognizable picture experience thanks to its refinement and ease of experimentation. She has perfected her painting technique to such an extent that the work of her hands can sometimes be more delicate and also more concise than any use of a brush and has a corresponding effect.<\/p><p>Their success with the interested public and meanwhile also with continuously growing groups of collectors and buyers is consistent. In addition, with almost 20 international awards as an artist from competitors and even museum exhibitions, she has the appropriate recognition from the professional world.\u00a0<\/p><p>Her creative breadth in painting ranges from landscape pictures that are carefully revealed to the eye with golden plays of light, powerful images of people and expressionistic heads, to almost any object art in textiles, furniture and sculptures.<\/p><p>Wann immer man glaubt, ihre Gesamtwerk erfasst zu haben, \u00fcberrascht Michelle Ditrich wieder mit einem komplett neuen Aspekt ihrer Kreativit\u00e4t und bezaubert Aallein durch die Sch\u00f6pfungskraft ihrer H\u00e4nde\u2026&#8220;<\/p>\t\t\t\t\t<\/div>\n\t\t\t\t\t\t<\/div>\n\t\t\t\t<\/div>\n\t\t\t\t<div class=\"elementor-element elementor-element-3b6cf8f6 elementor-widget elementor-widget-heading\" data-id=\"3b6cf8f6\" data-element_type=\"widget\" data-widget_type=\"heading.default\">\n\t\t\t\t<div class=\"elementor-widget-container\">\n\t\t\t<h2 class=\"elementor-heading-title elementor-size-default\">Dr. Alex Vogel<\/h2>\t\t<\/div>\n\t\t\t\t<\/div>\n\t\t\t\t<div class=\"elementor-element elementor-element-6fed0fa elementor-widget elementor-widget-heading\" data-id=\"6fed0fa\" data-element_type=\"widget\" data-widget_type=\"heading.default\">\n\t\t\t\t<div class=\"elementor-widget-container\">\n\t\t\t<h2 class=\"elementor-heading-title elementor-size-default\">Galerist und Medienunternehmer<\/h2>\t\t<\/div>\n\t\t\t\t<\/div>\n\t\t\t\t\t\t<\/div>\n\t\t\t\t\t<\/div>\n\t\t<\/div>\n\t\t\t\t\t\t\t\t<\/div>\n\t\t\t\t\t<\/div>\n\t\t<\/section>\n\t\t\t\t<section class=\"elementor-section elementor-top-section elementor-element elementor-element-8df9fce elementor-section-content-middle elementor-section-boxed elementor-section-height-default elementor-section-height-default\" data-id=\"8df9fce\" data-element_type=\"section\" data-settings=\"{&quot;background_background&quot;:&quot;classic&quot;}\">\n\t\t\t\t\t\t<div class=\"elementor-container elementor-column-gap-no\">\n\t\t\t\t\t\t\t<div class=\"elementor-row\">\n\t\t\t\t\t<div class=\"aux-parallax-section elementor-column elementor-col-50 elementor-top-column elementor-element elementor-element-4c95c216\" data-id=\"4c95c216\" data-element_type=\"column\">\n\t\t\t<div class=\"elementor-column-wrap elementor-element-populated\">\n\t\t\t\t\t\t\t<div class=\"elementor-widget-wrap\">\n\t\t\t\t\t\t<div class=\"elementor-element elementor-element-626809ab elementor-view-default elementor-widget elementor-widget-icon\" data-id=\"626809ab\" data-element_type=\"widget\" data-widget_type=\"icon.default\">\n\t\t\t\t<div class=\"elementor-widget-container\">\n\t\t\t\t\t<div class=\"elementor-icon-wrapper\">\n\t\t\t<div class=\"elementor-icon\">\n\t\t\t\t\t\t\t<i class=\"fa fa-quote-left\" aria-hidden=\"true\"><\/i>\n\t\t\t\t\t\t<\/div>\n\t\t<\/div>\n\t\t\t\t<\/div>\n\t\t\t\t<\/div>\n\t\t\t\t<div class=\"elementor-element elementor-element-4fa8dc2d elementor-widget elementor-widget-text-editor\" data-id=\"4fa8dc2d\" data-element_type=\"widget\" data-widget_type=\"text-editor.default\">\n\t\t\t\t<div class=\"elementor-widget-container\">\n\t\t\t\t\t\t\t\t<div class=\"elementor-text-editor elementor-clearfix\">\n\t\t\t\t<p>&#8222;Michelle Ditrich is not only an impressive woman, but also an extraordinary artist who has spent years to find and develop her style. Her really original art from, to paint with bare hands and partially full body use has grown by refinement and by experimental joy to an impressive and recognizable style experience.<\/p><p>She has perfected her painting techniques already so far that working with her bare hands is now more delicate and more concise than any brush technique can be.\u00a0<\/p><p>Achieving great public interest and now also continuously growing collector and buyer groups shows her growing success. In addition, she has been honored by nearly 20 international artist awards and also various museum exhibitions, gaining the appropriate recognition in international art and expert audience.\u00a0<\/p><p>Her creative scope in painting ranges from gentle landscapes with golden light effects, powerful portraits and expressionistic head paintings to almost any object art fulfilled in textiles, furniture and sculptures.<\/p><p>Whenever you think you have captured her complete works, Michelle Ditrich surprises again with a completely new aspect of her creativity and enchants with the creativity of her bare hand\u2026&#8220;<\/p>\t\t\t\t\t<\/div>\n\t\t\t\t\t\t<\/div>\n\t\t\t\t<\/div>\n\t\t\t\t<div class=\"elementor-element elementor-element-249d40c9 elementor-widget elementor-widget-heading\" data-id=\"249d40c9\" data-element_type=\"widget\" data-widget_type=\"heading.default\">\n\t\t\t\t<div class=\"elementor-widget-container\">\n\t\t\t<h2 class=\"elementor-heading-title elementor-size-default\">Dr. Alexander Vogel<\/h2>\t\t<\/div>\n\t\t\t\t<\/div>\n\t\t\t\t<div class=\"elementor-element elementor-element-234f7808 elementor-widget elementor-widget-heading\" data-id=\"234f7808\" data-element_type=\"widget\" data-widget_type=\"heading.default\">\n\t\t\t\t<div class=\"elementor-widget-container\">\n\t\t\t<h2 class=\"elementor-heading-title elementor-size-default\">galerist and media entrepeneur<\/h2>\t\t<\/div>\n\t\t\t\t<\/div>\n\t\t\t\t\t\t<\/div>\n\t\t\t\t\t<\/div>\n\t\t<\/div>\n\t\t\t\t<div class=\"aux-parallax-section elementor-column elementor-col-50 elementor-top-column elementor-element elementor-element-93bed94\" data-id=\"93bed94\" data-element_type=\"column\">\n\t\t\t<div class=\"elementor-column-wrap elementor-element-populated\">\n\t\t\t\t\t\t\t<div class=\"elementor-widget-wrap\">\n\t\t\t\t\t\t<div class=\"elementor-element elementor-element-efde329 elementor-widget elementor-widget-image\" data-id=\"efde329\" data-element_type=\"widget\" data-widget_type=\"image.default\">\n\t\t\t\t<div class=\"elementor-widget-container\">\n\t\t\t\t\t\t\t\t<div class=\"elementor-image\">\n\t\t\t\t\t\t\t\t\t\t\t\t<img decoding=\"async\" width=\"480\" height=\"640\" src=\"https:\/\/michelleditrich.com\/wp-content\/uploads\/2018\/12\/Alexx-Vogel.jpeg\" class=\"attachment-full size-full\" alt=\"\" loading=\"lazy\" srcset=\"https:\/\/michelleditrich.com\/wp-content\/uploads\/2018\/12\/Alexx-Vogel.jpeg 480w, https:\/\/michelleditrich.com\/wp-content\/uploads\/2018\/12\/Alexx-Vogel-225x300.jpeg 225w\" sizes=\"(max-width: 480px) 100vw, 480px\" \/>\t\t\t\t\t\t\t\t\t\t\t\t\t\t<\/div>\n\t\t\t\t\t\t<\/div>\n\t\t\t\t<\/div>\n\t\t\t\t\t\t<\/div>\n\t\t\t\t\t<\/div>\n\t\t<\/div>\n\t\t\t\t\t\t\t\t<\/div>\n\t\t\t\t\t<\/div>\n\t\t<\/section>\n\t\t\t\t\t\t<\/div>\n\t\t\t\t\t\t<\/div>\n\t\t\t\t\t<\/div>","protected":false},"excerpt":{"rendered":"<p>atelier@michelleditrich.com Facebook Facebook Youtube &#8222;Michelle Ditrich ist nicht nur eine beeindruckende Frau, sondern auch eine au\u00dfergew\u00f6hnliche K\u00fcnstlerin, die \u00fcber Jahre hinweg ihren ganz besonderen Ausdrucksstil gefunden und weiterentwickelt hat.\u00a0 Ihre eigentlich sehr urspr\u00fcngliche- Kunstform des Malens mit blo\u00dfen H\u00e4nden und teilweise vollem K\u00f6rpereinsatz ist durch ihre Verfeinerung und Experimentierfreundlichkeit zu einem beeindruckenden und wiedererkennbaren Bilderlebnis [&hellip;]<\/p>","protected":false},"author":1,"featured_media":0,"parent":0,"menu_order":0,"comment_status":"closed","ping_status":"closed","template":"","meta":[],"_links":{"self":[{"href":"https:\/\/michelleditrich.com\/en\/wp-json\/wp\/v2\/pages\/59"}],"collection":[{"href":"https:\/\/michelleditrich.com\/en\/wp-json\/wp\/v2\/pages"}],"about":[{"href":"https:\/\/michelleditrich.com\/en\/wp-json\/wp\/v2\/types\/page"}],"author":[{"embeddable":true,"href":"https:\/\/michelleditrich.com\/en\/wp-json\/wp\/v2\/users\/1"}],"replies":[{"embeddable":true,"href":"https:\/\/michelleditrich.com\/en\/wp-json\/wp\/v2\/comments?post=59"}],"version-history":[{"count":5,"href":"https:\/\/michelleditrich.com\/en\/wp-json\/wp\/v2\/pages\/59\/revisions"}],"predecessor-version":[{"id":519,"href":"https:\/\/michelleditrich.com\/en\/wp-json\/wp\/v2\/pages\/59\/revisions\/519"}],"wp:attachment":[{"href":"https:\/\/michelleditrich.com\/en\/wp-json\/wp\/v2\/media?parent=59"}],"curies":[{"name":"wp","href":"https:\/\/api.w.org\/{rel}","templated":true}]}}