{"id":120,"date":"2018-12-20T02:41:59","date_gmt":"2018-12-20T02:41:59","guid":{"rendered":"http:\/\/michelleditrich.com\/?page_id=120"},"modified":"2021-03-31T18:21:01","modified_gmt":"2021-03-31T18:21:01","slug":"kunst-im-oeffentlichen-raum","status":"publish","type":"page","link":"https:\/\/michelleditrich.com\/en\/kunst-im-oeffentlichen-raum\/","title":{"rendered":"Art in public space"},"content":{"rendered":"<div data-elementor-type=\"wp-post\" data-elementor-id=\"120\" class=\"elementor elementor-120\" data-elementor-settings=\"[]\">\n\t\t\t\t\t\t<div class=\"elementor-inner\">\n\t\t\t\t\t\t\t<div class=\"elementor-section-wrap\">\n\t\t\t\t\t\t\t<section class=\"elementor-section elementor-top-section elementor-element elementor-element-38c6d4f3 elementor-section-content-middle elementor-section-boxed elementor-section-height-default elementor-section-height-default\" data-id=\"38c6d4f3\" data-element_type=\"section\">\n\t\t\t\t\t\t<div class=\"elementor-container elementor-column-gap-no\">\n\t\t\t\t\t\t\t<div class=\"elementor-row\">\n\t\t\t\t\t<div class=\"aux-parallax-section elementor-column elementor-col-100 elementor-top-column elementor-element elementor-element-795155a\" data-id=\"795155a\" data-element_type=\"column\">\n\t\t\t<div class=\"elementor-column-wrap elementor-element-populated\">\n\t\t\t\t\t\t\t<div class=\"elementor-widget-wrap\">\n\t\t\t\t\t\t<div class=\"elementor-element elementor-element-d00df30 elementor-widget elementor-widget-heading\" data-id=\"d00df30\" data-element_type=\"widget\" data-widget_type=\"heading.default\">\n\t\t\t\t<div class=\"elementor-widget-container\">\n\t\t\t<h4 class=\"elementor-heading-title elementor-size-default\">Art in public space<\/h4>\t\t<\/div>\n\t\t\t\t<\/div>\n\t\t\t\t<div class=\"elementor-element elementor-element-329f2df8 elementor-skin-carousel elementor-arrows-yes elementor-pagination-type-bullets elementor-pagination-position-outside elementor-widget elementor-widget-media-carousel\" data-id=\"329f2df8\" data-element_type=\"widget\" data-settings=\"{&quot;space_between&quot;:{&quot;unit&quot;:&quot;px&quot;,&quot;size&quot;:29,&quot;sizes&quot;:[]},&quot;slides_per_view&quot;:&quot;1&quot;,&quot;skin&quot;:&quot;carousel&quot;,&quot;effect&quot;:&quot;slide&quot;,&quot;show_arrows&quot;:&quot;yes&quot;,&quot;pagination&quot;:&quot;bullets&quot;,&quot;speed&quot;:500,&quot;autoplay&quot;:&quot;yes&quot;,&quot;autoplay_speed&quot;:5000,&quot;loop&quot;:&quot;yes&quot;,&quot;pause_on_hover&quot;:&quot;yes&quot;,&quot;pause_on_interaction&quot;:&quot;yes&quot;,&quot;space_between_tablet&quot;:{&quot;unit&quot;:&quot;px&quot;,&quot;size&quot;:10,&quot;sizes&quot;:[]},&quot;space_between_mobile&quot;:{&quot;unit&quot;:&quot;px&quot;,&quot;size&quot;:10,&quot;sizes&quot;:[]}}\" data-widget_type=\"media-carousel.default\">\n\t\t\t\t<div class=\"elementor-widget-container\">\n\t\t\t\t\t<div class=\"elementor-swiper\">\n\t\t\t<div class=\"elementor-main-swiper swiper-container\">\n\t\t\t\t<div class=\"swiper-wrapper\">\n\t\t\t\t\t\t\t\t\t\t\t<div class=\"swiper-slide\">\n\t\t\t\t\t\t\t\t\t<div class=\"elementor-carousel-image\" style=\"background-image: url(https:\/\/michelleditrich.com\/wp-content\/uploads\/2018\/12\/Bearbeitet_2.W.klein-Kopie-2.jpg)\">\n\t\t\t\t\t<\/div>\n\t\t\t\t\t\t\t\t<\/div>\n\t\t\t\t\t\t\t\t\t\t\t<div class=\"swiper-slide\">\n\t\t\t\t\t\t\t\t\t<div class=\"elementor-carousel-image\" style=\"background-image: url(https:\/\/michelleditrich.com\/wp-content\/uploads\/2018\/12\/Bearbeitet_Anfang-d.Klagemauer.jpg)\">\n\t\t\t\t\t<\/div>\n\t\t\t\t\t\t\t\t<\/div>\n\t\t\t\t\t\t\t\t\t\t\t<div class=\"swiper-slide\">\n\t\t\t\t\t\t\t\t\t<div class=\"elementor-carousel-image\" style=\"background-image: url(https:\/\/michelleditrich.com\/wp-content\/uploads\/2018\/12\/Bearbeitet_Ansicht-v_Fotor.jpg)\">\n\t\t\t\t\t<\/div>\n\t\t\t\t\t\t\t\t<\/div>\n\t\t\t\t\t\t\t\t\t\t\t<div class=\"swiper-slide\">\n\t\t\t\t\t\t\t\t\t<div class=\"elementor-carousel-image\" style=\"background-image: url(https:\/\/michelleditrich.com\/wp-content\/uploads\/2018\/12\/Bearbeitet_Dornr\u00f6schen-.jpg)\">\n\t\t\t\t\t<\/div>\n\t\t\t\t\t\t\t\t<\/div>\n\t\t\t\t\t\t\t\t\t\t\t<div class=\"swiper-slide\">\n\t\t\t\t\t\t\t\t\t<div class=\"elementor-carousel-image\" style=\"background-image: url(https:\/\/michelleditrich.com\/wp-content\/uploads\/2018\/12\/Bearbeitet_Foto-SoykaJPG.jpg)\">\n\t\t\t\t\t<\/div>\n\t\t\t\t\t\t\t\t<\/div>\n\t\t\t\t\t\t\t\t\t\t\t<div class=\"swiper-slide\">\n\t\t\t\t\t\t\t\t\t<div class=\"elementor-carousel-image\" style=\"background-image: url(https:\/\/michelleditrich.com\/wp-content\/uploads\/2018\/12\/Bearbeitet_Gesam.-WAND.jpg)\">\n\t\t\t\t\t<\/div>\n\t\t\t\t\t\t\t\t<\/div>\n\t\t\t\t\t\t\t\t\t\t\t<div class=\"swiper-slide\">\n\t\t\t\t\t\t\t\t\t<div class=\"elementor-carousel-image\" style=\"background-image: url(https:\/\/michelleditrich.com\/wp-content\/uploads\/2018\/12\/Bearbeitet_hw13-Kopie-2.jpg)\">\n\t\t\t\t\t<\/div>\n\t\t\t\t\t\t\t\t<\/div>\n\t\t\t\t\t\t\t\t\t\t\t<div class=\"swiper-slide\">\n\t\t\t\t\t\t\t\t\t<div class=\"elementor-carousel-image\" style=\"background-image: url(https:\/\/michelleditrich.com\/wp-content\/uploads\/2018\/12\/Bearbeitet_hw24-Kopie-2.jpg)\">\n\t\t\t\t\t<\/div>\n\t\t\t\t\t\t\t\t<\/div>\n\t\t\t\t\t\t\t\t\t\t\t<div class=\"swiper-slide\">\n\t\t\t\t\t\t\t\t\t<div class=\"elementor-carousel-image\" style=\"background-image: url(https:\/\/michelleditrich.com\/wp-content\/uploads\/2018\/12\/Bearbeitet_hw27-Kopie-2.jpg)\">\n\t\t\t\t\t<\/div>\n\t\t\t\t\t\t\t\t<\/div>\n\t\t\t\t\t\t\t\t\t\t\t<div class=\"swiper-slide\">\n\t\t\t\t\t\t\t\t\t<div class=\"elementor-carousel-image\" style=\"background-image: url(https:\/\/michelleditrich.com\/wp-content\/uploads\/2018\/12\/Bearbeitet_Michelle-KlagemauerJPG.jpg)\">\n\t\t\t\t\t<\/div>\n\t\t\t\t\t\t\t\t<\/div>\n\t\t\t\t\t\t\t\t\t\t\t<div class=\"swiper-slide\">\n\t\t\t\t\t\t\t\t\t<div class=\"elementor-carousel-image\" style=\"background-image: url(https:\/\/michelleditrich.com\/wp-content\/uploads\/2018\/12\/Bearbeitet_P9091172.jpg)\">\n\t\t\t\t\t<\/div>\n\t\t\t\t\t\t\t\t<\/div>\n\t\t\t\t\t\t\t\t\t\t\t<div class=\"swiper-slide\">\n\t\t\t\t\t\t\t\t\t<div class=\"elementor-carousel-image\" style=\"background-image: url(https:\/\/michelleditrich.com\/wp-content\/uploads\/2018\/12\/Bearbeitet_PB300708-Kopie-2_Fotor.jpg)\">\n\t\t\t\t\t<\/div>\n\t\t\t\t\t\t\t\t<\/div>\n\t\t\t\t\t\t\t\t\t<\/div>\n\t\t\t\t\t\t\t\t\t\t\t\t\t\t\t<div class=\"swiper-pagination\"><\/div>\n\t\t\t\t\t\t\t\t\t\t\t\t\t\t\t\t<div class=\"elementor-swiper-button elementor-swiper-button-prev\">\n\t\t\t\t\t\t\t<i aria-hidden=\"true\" class=\"eicon-chevron-left\"><\/i>\t\t\t\t\t\t\t<span class=\"elementor-screen-only\">Previous<\/span>\n\t\t\t\t\t\t<\/div>\n\t\t\t\t\t\t<div class=\"elementor-swiper-button elementor-swiper-button-next\">\n\t\t\t\t\t\t\t<i aria-hidden=\"true\" class=\"eicon-chevron-right\"><\/i>\t\t\t\t\t\t\t<span class=\"elementor-screen-only\">Next<\/span>\n\t\t\t\t\t\t<\/div>\n\t\t\t\t\t\t\t\t\t\t\t\t<\/div>\n\t\t<\/div>\n\t\t\t\t<\/div>\n\t\t\t\t<\/div>\n\t\t\t\t\t\t<\/div>\n\t\t\t\t\t<\/div>\n\t\t<\/div>\n\t\t\t\t\t\t\t\t<\/div>\n\t\t\t\t\t<\/div>\n\t\t<\/section>\n\t\t\t\t<section class=\"elementor-section elementor-top-section elementor-element elementor-element-e2e3396 elementor-section-boxed elementor-section-height-default elementor-section-height-default\" data-id=\"e2e3396\" data-element_type=\"section\">\n\t\t\t\t\t\t<div class=\"elementor-container elementor-column-gap-default\">\n\t\t\t\t\t\t\t<div class=\"elementor-row\">\n\t\t\t\t\t<div class=\"aux-parallax-section elementor-column elementor-col-100 elementor-top-column elementor-element elementor-element-0d8096a\" data-id=\"0d8096a\" data-element_type=\"column\">\n\t\t\t<div class=\"elementor-column-wrap elementor-element-populated\">\n\t\t\t\t\t\t\t<div class=\"elementor-widget-wrap\">\n\t\t\t\t\t\t<div class=\"elementor-element elementor-element-3138c50 elementor-widget elementor-widget-heading\" data-id=\"3138c50\" data-element_type=\"widget\" data-widget_type=\"heading.default\">\n\t\t\t\t<div class=\"elementor-widget-container\">\n\t\t\t<h2 class=\"elementor-heading-title elementor-size-default\">Geschichte der Wand<\/h2>\t\t<\/div>\n\t\t\t\t<\/div>\n\t\t\t\t<div class=\"elementor-element elementor-element-51f120f elementor-widget elementor-widget-spacer\" data-id=\"51f120f\" data-element_type=\"widget\" data-widget_type=\"spacer.default\">\n\t\t\t\t<div class=\"elementor-widget-container\">\n\t\t\t\t\t<div class=\"elementor-spacer\">\n\t\t\t<div class=\"elementor-spacer-inner\"><\/div>\n\t\t<\/div>\n\t\t\t\t<\/div>\n\t\t\t\t<\/div>\n\t\t\t\t\t\t<\/div>\n\t\t\t\t\t<\/div>\n\t\t<\/div>\n\t\t\t\t\t\t\t\t<\/div>\n\t\t\t\t\t<\/div>\n\t\t<\/section>\n\t\t\t\t<section class=\"elementor-section elementor-top-section elementor-element elementor-element-e8cf8f4 elementor-section-stretched elementor-section-full_width elementor-section-height-default elementor-section-height-default\" data-id=\"e8cf8f4\" data-element_type=\"section\" data-settings=\"{&quot;stretch_section&quot;:&quot;section-stretched&quot;}\">\n\t\t\t\t\t\t<div class=\"elementor-container elementor-column-gap-no\">\n\t\t\t\t\t\t\t<div class=\"elementor-row\">\n\t\t\t\t\t<div class=\"aux-parallax-section elementor-column elementor-col-100 elementor-top-column elementor-element elementor-element-b24b3fa\" data-id=\"b24b3fa\" data-element_type=\"column\">\n\t\t\t<div class=\"elementor-column-wrap elementor-element-populated\">\n\t\t\t\t\t\t\t<div class=\"elementor-widget-wrap\">\n\t\t\t\t\t\t<div class=\"elementor-element elementor-element-ada093b elementor-widget elementor-widget-image\" data-id=\"ada093b\" data-element_type=\"widget\" data-widget_type=\"image.default\">\n\t\t\t\t<div class=\"elementor-widget-container\">\n\t\t\t\t\t\t\t\t<div class=\"elementor-image\">\n\t\t\t\t\t\t\t\t\t\t\t\t<img decoding=\"async\" width=\"640\" height=\"151\" src=\"https:\/\/michelleditrich.com\/wp-content\/uploads\/2018\/12\/Bearbeitet_Alle-Bilder-d.jpg\" class=\"attachment-large size-large\" alt=\"\" loading=\"lazy\" srcset=\"https:\/\/michelleditrich.com\/wp-content\/uploads\/2018\/12\/Bearbeitet_Alle-Bilder-d.jpg 640w, https:\/\/michelleditrich.com\/wp-content\/uploads\/2018\/12\/Bearbeitet_Alle-Bilder-d-300x71.jpg 300w\" sizes=\"(max-width: 640px) 100vw, 640px\" \/>\t\t\t\t\t\t\t\t\t\t\t\t\t\t<\/div>\n\t\t\t\t\t\t<\/div>\n\t\t\t\t<\/div>\n\t\t\t\t<div class=\"elementor-element elementor-element-cc8f4e7 elementor-widget elementor-widget-spacer\" data-id=\"cc8f4e7\" data-element_type=\"widget\" data-widget_type=\"spacer.default\">\n\t\t\t\t<div class=\"elementor-widget-container\">\n\t\t\t\t\t<div class=\"elementor-spacer\">\n\t\t\t<div class=\"elementor-spacer-inner\"><\/div>\n\t\t<\/div>\n\t\t\t\t<\/div>\n\t\t\t\t<\/div>\n\t\t\t\t\t\t<\/div>\n\t\t\t\t\t<\/div>\n\t\t<\/div>\n\t\t\t\t\t\t\t\t<\/div>\n\t\t\t\t\t<\/div>\n\t\t<\/section>\n\t\t\t\t<section class=\"elementor-section elementor-top-section elementor-element elementor-element-f8ba667 elementor-section-boxed elementor-section-height-default elementor-section-height-default\" data-id=\"f8ba667\" data-element_type=\"section\">\n\t\t\t\t\t\t<div class=\"elementor-container elementor-column-gap-default\">\n\t\t\t\t\t\t\t<div class=\"elementor-row\">\n\t\t\t\t\t<div class=\"aux-parallax-section elementor-column elementor-col-100 elementor-top-column elementor-element elementor-element-3882f7b\" data-id=\"3882f7b\" data-element_type=\"column\">\n\t\t\t<div class=\"elementor-column-wrap elementor-element-populated\">\n\t\t\t\t\t\t\t<div class=\"elementor-widget-wrap\">\n\t\t\t\t\t\t<div class=\"elementor-element elementor-element-7d003d4 elementor-widget elementor-widget-text-editor\" data-id=\"7d003d4\" data-element_type=\"widget\" data-widget_type=\"text-editor.default\">\n\t\t\t\t<div class=\"elementor-widget-container\">\n\t\t\t\t\t\t\t\t<div class=\"elementor-text-editor elementor-clearfix\">\n\t\t\t\t<p><strong><span style=\"color: #dd0000;\">Die Klagemauer:<\/span>\u00a0<\/strong>Ist die Heiligst St\u00e4tte des Judentums. Die m\u00e4chtigen Steinbl\u00f6cke bestehen aus dem Jerusalemer Melken-Kalkstein. Millionen Besucher aller Glaubensrichtungen kommen dort hin um mit Gott Zwiesprache zu halten und ihre Zettel mit W\u00fcnschen und Gebeten den Steinen anzuvertrauen. Zwei Mal im Jahr werden die Zettel aus dem Mauerwerk entfernt und anschlie\u00dfend auf dem \u00d6lberg vergraben. Eine pers\u00f6nliche Begebenheit: 1998\/1999 Weihnachten &#8211; Silvester war ich in Bethlehem und in Jerusalem und wollte unbedingt zur Klagemauer. Als ich den Wunschzettel in die Spalte des Felsens steckte war er auf einmal weg und er war auch nicht auf dem Boden zu finden. in meiner Verzweiflung erz\u00e4hlte ich es meiner Freundin und eine fremde Frau h\u00f6rte das und sagte.:<\/p><p><span style=\"color: #dd0000; text-align: center;\">&#8222;Don&#8217;t be worry your wishes go straight ahead in the heaven!&#8220;<\/span><\/p><p>Haben wir nicht alle W\u00fcnsche und streben danach in Erf\u00fcllung zu gehen?<\/p><p><span style=\"color: #dd0000;\"><strong>Die<\/strong> <\/span><strong><span style=\"color: #dd0000;\">Spirale:<\/span>\u00a0<\/strong>Sie steht f\u00fcr den immer wiederkehrenden Wechsel in uns.<br \/>Links drehend: \u00d6ffnung und Ausbreitung nach Innen.<br \/>Rechts drehend: \u00d6ffnung und Ausbreitung nach au\u00dfen.<br \/>Spiralen sind Symbole f\u00fcr Zyklen, Entfaltung, Erneuerung oder Evolution im mystisch-kosmischen Sinn.<\/p><p>Friedensreich Hundertwasser hat einmal gesagt: &#8222;F\u00fcr mich ist die Spirale Symbol des Lebens. Ich glaube, die Spirale ist dort, wo die Materie aufh\u00f6rt zu sein und beginnt, etwas Lebendiges zu werden.&#8220; Das \u00fcbersch\u00fctten der Spiralen bedeutet das in Frage stellen\u2026<\/p><p><strong><span style=\"color: #dd0000;\">K\u00f6nigscobra und gebrochener Spiegel:<\/span>\u00a0<\/strong>In vielen Religionen spielt die Schlange eine gro\u00dfe Rolle und in einigen Kulturen wird sie auch verehrt. Sie wurde auch als H\u00fcterin eines Schatzes gesehen. Gleichzeitig sprengt sie den Spiegel der Eitelkeit und wenn sie sich bedroht f\u00fchlt richtet sie sich bis auf 1,50 Meter auf, schie\u00dft vor und bei\u00dft zu. Das Gift wirkt in 2-10 Stunden und f\u00fchrt zum Tode. In Gefangenschaft gehalten k\u00f6nnen Sie aber sehr zahm werden. Sie verk\u00f6rpert nat\u00fcrlich auch die Sexualit\u00e4t die zum Menschen geh\u00f6rt wie das Leben. Wer hat noch nicht von Medusa geh\u00f6rt der mythischen Gestalt. Die statt Haaren hunderte Schlangen auf dem Kopf trug und sogar als Perseus \u00a0ihr mit Hilfe eines reflektierenden Spiegels entgegen trat und der Kopf abgeschlagen war hatte sie noch immer genug Macht um andere zu verwandeln.<\/p><p><strong><span style=\"color: #dd0000;\">Arche Noah:<\/span>\u00a0<\/strong>Schiff der Mahnung und der Hoffnung wir sind alle unvollkommen. Aber zwischen Saat und Ernte, in Frost und Hitze, Sommer und Winter, bei Tag und bei Nacht k\u00f6nnen wir Archen bauen und Fluten \u00fcberstehen. Weil Gott geduldig weiter auf uns baut, unvollkommen, wie wir sind. Weil er der Geist ist der uns befl\u00fcgelt, selbst zu wachsen und Gutes zu erschaffen.<\/p><p><strong><span style=\"color: #dd0000;\">Regenbogen:<\/span>\u00a0<\/strong>Alle \u00a0Varianten des Regenbogens z\u00e4hlen zu den so genannten Photometeoren. Eine Reflektion und Brechung der Sonnenstrahlen in den Regentropfen. Sichtbare Verbindung zwischen der Achse-Geschichte und der Welt. Zwischen Einst und Jetzt. Verk\u00f6rpert die Sch\u00f6nheit der Farben.<\/p><p><strong><span style=\"color: #dd0000;\">Heilige Schrift:<\/span>\u00a0<\/strong>Jede Religion hat ihre heilige Schriften daher hier keine Schrift (da wie ich es finde neu geschrieben werden m\u00fcsste).<\/p><p><strong><span style=\"color: #dd0000;\">Im Judentum:<\/span>\u00a0<\/strong>Thora, Talmud<\/p><p><strong><span style=\"color: #dd0000;\">Im Christentum:<\/span>\u00a0<\/strong>Neues Testament der Bibel, enth\u00e4lt vie Evangelien. Auch das heilige Buch des Judentums geh\u00f6rt zu den Heiligen Schrift des Christentums. In der Bibel der Christen hei\u00dft es &#8222;Altes Testament&#8220;.<\/p><p><strong><span style=\"color: #dd0000;\">Islam:<\/span>\u00a0<\/strong>Koran Allah ist derselbe Gott den auch die Juden und Christen verehren.<\/p><p><strong><span style=\"color: #dd0000;\">Buddhismus:<\/span>\u00a0<\/strong>Viele heilige B\u00fccher, doch das \u00e4lteste hei\u00dft: Tripitaka, der &#8222;Dreikorb&#8220;. Im Buddhismus gibt es keinen Gott<\/p><p><strong><span style=\"color: #dd0000;\">Hinduismus:<\/span>\u00a0<\/strong>\u00c4lteste heilige Schrift:Veden. &#8222;Wissen&#8220;. Die bekannteste heilige Schrift: Bhagavadgita. &#8222;Gesang des Erhabenen&#8220;.<\/p><p>W\u00e4re es nicht sch\u00f6n wenn die Menschen trotz unterschiedlicher Religionen sich respektieren und miteinander in Frieden und Eintracht leben k\u00f6nnten?<\/p><p><strong><span style=\"color: #dd0000;\">Der Olivenzweig:<\/span>\u00a0<\/strong><em>Im 6. Jahrhundert v. Chr. kam der Olivenbaum nach Italien. In Griechenland war ein Kranz aus \u00d6lzweigen die h\u00f6chste Auszeichnung die ein B\u00fcrger erhalten konnte sowie der h\u00f6chste Siegespreis bei den Olympischen Spielen. Der \u00d6lzweig war ein Symbol des Friedens und ist es bis heute geblieben.\u00a0<\/em><\/p><p>In der Flagge der Uno befindet sich auch ein \u00d6lzweig als Zeichen des Friedens.<\/p><p>Im Alten Christentum ist die Taube mit dem \u00d6lzweig ein Symbol des Friedens.<\/p><p>Der Bibel zufolge schickte Noah nach der Sintflut eine Taube los. Sie wehrte mit einem \u00d6lzweig im Schnabel zur\u00fcck und die Erde gr\u00fcnte wieder und alles Leben erwachte.<\/p><p>Sogar im Grab von Tut-Euch-Amum w\u00fcrden Olivenbl\u00e4tter gefunden.<\/p><p>&#8222;Die \u00d6lb\u00e4ume sind sehr charakteristisch, und ich gebe mir gro\u00dfe M\u00fche, das einzufangen. Es ist Silber, das mal ins Blaue, mal ins Gr\u00fcne spielt, Bronzefarben und beinah wei\u00df auf gelbem, rosa, violettem oder orange Boden, der bis zum stumpfroten Ocker geht\u2026 Eines Tages mache ich vielleicht etwas ganz Pers\u00f6nliches daraus, wie ich es mit den Sonnenblumen f\u00fcr die gelben T\u00f6ne gemacht habe&#8220;. \u00a0(Vincent van Gogh an seinen Bruder Theo, Brief 608)<\/p><p style=\"text-align: center;\"><strong><span style=\"color: #dd0000;\">Der Weg:<\/span>\u00a0<\/strong>Der Weg ist das Ziel. Er begleitet uns unser ganzes Leben. \u00a0Alle W\u00fcnsche, Sehns\u00fcchte, Hoffnungen, Tr\u00e4ume, Glauben, Liebe.<\/p><p style=\"text-align: center;\"><span style=\"color: #dd0000;\"><strong>&#8222;Die Blindheit und Unwissenheit der\u00a0Menschen muss man\u00a0aufzeigen, damit sie sich erkennen und ein Umdenken stattfinden kann &#8211; nicht die S\u00fcnde, sondern die Liebe in ihr Herz zu lassen&#8220;.<\/strong><\/span><br \/><span style=\"color: #dd0000;\">(Michelle Ditrich)<\/span><\/p>\t\t\t\t\t<\/div>\n\t\t\t\t\t\t<\/div>\n\t\t\t\t<\/div>\n\t\t\t\t\t\t<\/div>\n\t\t\t\t\t<\/div>\n\t\t<\/div>\n\t\t\t\t\t\t\t\t<\/div>\n\t\t\t\t\t<\/div>\n\t\t<\/section>\n\t\t\t\t\t\t<\/div>\n\t\t\t\t\t\t<\/div>\n\t\t\t\t\t<\/div>","protected":false},"excerpt":{"rendered":"<p>Kunst im \u00d6ffentlichen Raum Previous Next Geschichte der Wand Die Klagemauer:\u00a0Ist die Heiligst St\u00e4tte des Judentums. Die m\u00e4chtigen Steinbl\u00f6cke bestehen aus dem Jerusalemer Melken-Kalkstein. Millionen Besucher aller Glaubensrichtungen kommen dort hin um mit Gott Zwiesprache zu halten und ihre Zettel mit W\u00fcnschen und Gebeten den Steinen anzuvertrauen. Zwei Mal im Jahr werden die Zettel aus [&hellip;]<\/p>","protected":false},"author":1,"featured_media":140,"parent":0,"menu_order":8,"comment_status":"closed","ping_status":"closed","template":"","meta":[],"_links":{"self":[{"href":"https:\/\/michelleditrich.com\/en\/wp-json\/wp\/v2\/pages\/120"}],"collection":[{"href":"https:\/\/michelleditrich.com\/en\/wp-json\/wp\/v2\/pages"}],"about":[{"href":"https:\/\/michelleditrich.com\/en\/wp-json\/wp\/v2\/types\/page"}],"author":[{"embeddable":true,"href":"https:\/\/michelleditrich.com\/en\/wp-json\/wp\/v2\/users\/1"}],"replies":[{"embeddable":true,"href":"https:\/\/michelleditrich.com\/en\/wp-json\/wp\/v2\/comments?post=120"}],"version-history":[{"count":5,"href":"https:\/\/michelleditrich.com\/en\/wp-json\/wp\/v2\/pages\/120\/revisions"}],"predecessor-version":[{"id":1138,"href":"https:\/\/michelleditrich.com\/en\/wp-json\/wp\/v2\/pages\/120\/revisions\/1138"}],"wp:featuredmedia":[{"embeddable":true,"href":"https:\/\/michelleditrich.com\/en\/wp-json\/wp\/v2\/media\/140"}],"wp:attachment":[{"href":"https:\/\/michelleditrich.com\/en\/wp-json\/wp\/v2\/media?parent=120"}],"curies":[{"name":"wp","href":"https:\/\/api.w.org\/{rel}","templated":true}]}}